{"id":3523,"date":"2024-06-14T16:55:55","date_gmt":"2024-06-14T14:55:55","guid":{"rendered":"https:\/\/www.eurokeramik.it\/soluzioni\/bad-dusche\/"},"modified":"2024-08-05T10:45:08","modified_gmt":"2024-08-05T08:45:08","slug":"bagno-e-doccia","status":"publish","type":"page","link":"https:\/\/www.eurokeramik.it\/it\/soluzioni\/bagno-e-doccia\/","title":{"rendered":"Bagno e doccia"},"content":{"rendered":"","protected":false},"excerpt":{"rendered":"","protected":false},"author":1,"featured_media":0,"parent":3521,"menu_order":0,"comment_status":"closed","ping_status":"closed","template":"template-loesungen.php","meta":{"_acf_changed":false,"inline_featured_image":false,"footnotes":""},"class_list":["post-3523","page","type-page","status-publish","hentry"],"acf":[],"yoast_head":"<!-- This site is optimized with the Yoast SEO plugin v25.2 - https:\/\/yoast.com\/wordpress\/plugins\/seo\/ -->\n<title>Piastrelle per il bagno | Eurokeramik<\/title>\n<meta name=\"description\" content=\"Scoprite la variet\u00e0 di piastrelle per il bagno, eleganti e di alta qualit\u00e0. Ampia scelta, qualit\u00e0 imbattibile e la migliore esperienza.\" \/>\n<meta name=\"robots\" content=\"index, follow, max-snippet:-1, max-image-preview:large, max-video-preview:-1\" \/>\n<link rel=\"canonical\" href=\"https:\/\/www.eurokeramik.it\/it\/soluzioni\/bagno-e-doccia\/\" \/>\n<meta property=\"og:locale\" content=\"it_IT\" \/>\n<meta property=\"og:type\" content=\"article\" \/>\n<meta property=\"og:title\" content=\"Piastrelle per il bagno | Eurokeramik\" \/>\n<meta property=\"og:description\" content=\"Scoprite la variet\u00e0 di piastrelle per il bagno, eleganti e di alta qualit\u00e0. Ampia scelta, qualit\u00e0 imbattibile e la migliore esperienza.\" \/>\n<meta property=\"og:url\" content=\"https:\/\/www.eurokeramik.it\/it\/soluzioni\/bagno-e-doccia\/\" \/>\n<meta property=\"og:site_name\" content=\"www.eurokeramik.it\" \/>\n<meta property=\"article:publisher\" content=\"https:\/\/www.facebook.com\/eurokeramikO.H.G\/\" \/>\n<meta property=\"article:modified_time\" content=\"2024-08-05T08:45:08+00:00\" \/>\n<meta property=\"og:image\" content=\"https:\/\/www.eurokeramik.it\/wp-content\/uploads\/druck-2015.jpg\" \/>\n\t<meta property=\"og:image:width\" content=\"2560\" \/>\n\t<meta property=\"og:image:height\" content=\"1707\" \/>\n\t<meta property=\"og:image:type\" content=\"image\/jpeg\" \/>\n<script type=\"application\/ld+json\" class=\"yoast-schema-graph\">{\"@context\":\"https:\/\/schema.org\",\"@graph\":[{\"@type\":\"WebPage\",\"@id\":\"https:\/\/www.eurokeramik.it\/it\/soluzioni\/bagno-e-doccia\/\",\"url\":\"https:\/\/www.eurokeramik.it\/it\/soluzioni\/bagno-e-doccia\/\",\"name\":\"Piastrelle per il bagno | Eurokeramik\",\"isPartOf\":{\"@id\":\"https:\/\/www.eurokeramik.it\/it\/#website\"},\"datePublished\":\"2024-06-14T14:55:55+00:00\",\"dateModified\":\"2024-08-05T08:45:08+00:00\",\"description\":\"Scoprite la variet\u00e0 di piastrelle per il bagno, eleganti e di alta qualit\u00e0. Ampia scelta, qualit\u00e0 imbattibile e la migliore esperienza.\",\"breadcrumb\":{\"@id\":\"https:\/\/www.eurokeramik.it\/it\/soluzioni\/bagno-e-doccia\/#breadcrumb\"},\"inLanguage\":\"it-IT\",\"potentialAction\":[{\"@type\":\"ReadAction\",\"target\":[\"https:\/\/www.eurokeramik.it\/it\/soluzioni\/bagno-e-doccia\/\"]}]},{\"@type\":\"BreadcrumbList\",\"@id\":\"https:\/\/www.eurokeramik.it\/it\/soluzioni\/bagno-e-doccia\/#breadcrumb\",\"itemListElement\":[{\"@type\":\"ListItem\",\"position\":1,\"name\":\"Startseite\",\"item\":\"https:\/\/www.eurokeramik.it\/it\/\"},{\"@type\":\"ListItem\",\"position\":2,\"name\":\"Soluzioni\",\"item\":\"https:\/\/www.eurokeramik.it\/it\/soluzioni\/\"},{\"@type\":\"ListItem\",\"position\":3,\"name\":\"Bagno e doccia\"}]},{\"@type\":\"WebSite\",\"@id\":\"https:\/\/www.eurokeramik.it\/it\/#website\",\"url\":\"https:\/\/www.eurokeramik.it\/it\/\",\"name\":\"www.eurokeramik.it\",\"description\":\"\",\"publisher\":{\"@id\":\"https:\/\/www.eurokeramik.it\/it\/#organization\"},\"potentialAction\":[{\"@type\":\"SearchAction\",\"target\":{\"@type\":\"EntryPoint\",\"urlTemplate\":\"https:\/\/www.eurokeramik.it\/it\/?s={search_term_string}\"},\"query-input\":{\"@type\":\"PropertyValueSpecification\",\"valueRequired\":true,\"valueName\":\"search_term_string\"}}],\"inLanguage\":\"it-IT\"},{\"@type\":\"Organization\",\"@id\":\"https:\/\/www.eurokeramik.it\/it\/#organization\",\"name\":\"Eurokeramik\",\"alternateName\":\"Eurokeramik\",\"url\":\"https:\/\/www.eurokeramik.it\/it\/\",\"logo\":{\"@type\":\"ImageObject\",\"inLanguage\":\"it-IT\",\"@id\":\"https:\/\/www.eurokeramik.it\/it\/#\/schema\/logo\/image\/\",\"url\":\"https:\/\/www.eurokeramik.it\/wp-content\/uploads\/favicon.jpg\",\"contentUrl\":\"https:\/\/www.eurokeramik.it\/wp-content\/uploads\/favicon.jpg\",\"width\":512,\"height\":512,\"caption\":\"Eurokeramik\"},\"image\":{\"@id\":\"https:\/\/www.eurokeramik.it\/it\/#\/schema\/logo\/image\/\"},\"sameAs\":[\"https:\/\/www.facebook.com\/eurokeramikO.H.G\/\"]}]}<\/script>\n<!-- \/ Yoast SEO plugin. -->","yoast_head_json":{"title":"Piastrelle per il bagno | Eurokeramik","description":"Scoprite la variet\u00e0 di piastrelle per il bagno, eleganti e di alta qualit\u00e0. Ampia scelta, qualit\u00e0 imbattibile e la migliore esperienza.","robots":{"index":"index","follow":"follow","max-snippet":"max-snippet:-1","max-image-preview":"max-image-preview:large","max-video-preview":"max-video-preview:-1"},"canonical":"https:\/\/www.eurokeramik.it\/it\/soluzioni\/bagno-e-doccia\/","og_locale":"it_IT","og_type":"article","og_title":"Piastrelle per il bagno | Eurokeramik","og_description":"Scoprite la variet\u00e0 di piastrelle per il bagno, eleganti e di alta qualit\u00e0. Ampia scelta, qualit\u00e0 imbattibile e la migliore esperienza.","og_url":"https:\/\/www.eurokeramik.it\/it\/soluzioni\/bagno-e-doccia\/","og_site_name":"www.eurokeramik.it","article_publisher":"https:\/\/www.facebook.com\/eurokeramikO.H.G\/","article_modified_time":"2024-08-05T08:45:08+00:00","og_image":[{"width":2560,"height":1707,"url":"https:\/\/www.eurokeramik.it\/wp-content\/uploads\/druck-2015.jpg","type":"image\/jpeg"}],"schema":{"@context":"https:\/\/schema.org","@graph":[{"@type":"WebPage","@id":"https:\/\/www.eurokeramik.it\/it\/soluzioni\/bagno-e-doccia\/","url":"https:\/\/www.eurokeramik.it\/it\/soluzioni\/bagno-e-doccia\/","name":"Piastrelle per il bagno | Eurokeramik","isPartOf":{"@id":"https:\/\/www.eurokeramik.it\/it\/#website"},"datePublished":"2024-06-14T14:55:55+00:00","dateModified":"2024-08-05T08:45:08+00:00","description":"Scoprite la variet\u00e0 di piastrelle per il bagno, eleganti e di alta qualit\u00e0. Ampia scelta, qualit\u00e0 imbattibile e la migliore esperienza.","breadcrumb":{"@id":"https:\/\/www.eurokeramik.it\/it\/soluzioni\/bagno-e-doccia\/#breadcrumb"},"inLanguage":"it-IT","potentialAction":[{"@type":"ReadAction","target":["https:\/\/www.eurokeramik.it\/it\/soluzioni\/bagno-e-doccia\/"]}]},{"@type":"BreadcrumbList","@id":"https:\/\/www.eurokeramik.it\/it\/soluzioni\/bagno-e-doccia\/#breadcrumb","itemListElement":[{"@type":"ListItem","position":1,"name":"Startseite","item":"https:\/\/www.eurokeramik.it\/it\/"},{"@type":"ListItem","position":2,"name":"Soluzioni","item":"https:\/\/www.eurokeramik.it\/it\/soluzioni\/"},{"@type":"ListItem","position":3,"name":"Bagno e doccia"}]},{"@type":"WebSite","@id":"https:\/\/www.eurokeramik.it\/it\/#website","url":"https:\/\/www.eurokeramik.it\/it\/","name":"www.eurokeramik.it","description":"","publisher":{"@id":"https:\/\/www.eurokeramik.it\/it\/#organization"},"potentialAction":[{"@type":"SearchAction","target":{"@type":"EntryPoint","urlTemplate":"https:\/\/www.eurokeramik.it\/it\/?s={search_term_string}"},"query-input":{"@type":"PropertyValueSpecification","valueRequired":true,"valueName":"search_term_string"}}],"inLanguage":"it-IT"},{"@type":"Organization","@id":"https:\/\/www.eurokeramik.it\/it\/#organization","name":"Eurokeramik","alternateName":"Eurokeramik","url":"https:\/\/www.eurokeramik.it\/it\/","logo":{"@type":"ImageObject","inLanguage":"it-IT","@id":"https:\/\/www.eurokeramik.it\/it\/#\/schema\/logo\/image\/","url":"https:\/\/www.eurokeramik.it\/wp-content\/uploads\/favicon.jpg","contentUrl":"https:\/\/www.eurokeramik.it\/wp-content\/uploads\/favicon.jpg","width":512,"height":512,"caption":"Eurokeramik"},"image":{"@id":"https:\/\/www.eurokeramik.it\/it\/#\/schema\/logo\/image\/"},"sameAs":["https:\/\/www.facebook.com\/eurokeramikO.H.G\/"]}]}},"_links":{"self":[{"href":"https:\/\/www.eurokeramik.it\/it\/wp-json\/wp\/v2\/pages\/3523","targetHints":{"allow":["GET"]}}],"collection":[{"href":"https:\/\/www.eurokeramik.it\/it\/wp-json\/wp\/v2\/pages"}],"about":[{"href":"https:\/\/www.eurokeramik.it\/it\/wp-json\/wp\/v2\/types\/page"}],"author":[{"embeddable":true,"href":"https:\/\/www.eurokeramik.it\/it\/wp-json\/wp\/v2\/users\/1"}],"replies":[{"embeddable":true,"href":"https:\/\/www.eurokeramik.it\/it\/wp-json\/wp\/v2\/comments?post=3523"}],"version-history":[{"count":2,"href":"https:\/\/www.eurokeramik.it\/it\/wp-json\/wp\/v2\/pages\/3523\/revisions"}],"predecessor-version":[{"id":3527,"href":"https:\/\/www.eurokeramik.it\/it\/wp-json\/wp\/v2\/pages\/3523\/revisions\/3527"}],"up":[{"embeddable":true,"href":"https:\/\/www.eurokeramik.it\/it\/wp-json\/wp\/v2\/pages\/3521"}],"wp:attachment":[{"href":"https:\/\/www.eurokeramik.it\/it\/wp-json\/wp\/v2\/media?parent=3523"}],"curies":[{"name":"wp","href":"https:\/\/api.w.org\/{rel}","templated":true}]}}